{"id":1707,"date":"2026-04-08T03:08:27","date_gmt":"2026-04-08T03:08:27","guid":{"rendered":"https:\/\/baoanjsc.vn\/?post_type=product&#038;p=1707"},"modified":"2026-04-08T03:18:20","modified_gmt":"2026-04-08T03:18:20","slug":"dau-ghi-hinh-ip-64-kenh-cao-cap-hikvision-h2-8664yx-s5","status":"publish","type":"product","link":"https:\/\/baoanjsc.vn\/index.php\/product\/dau-ghi-hinh-ip-64-kenh-cao-cap-hikvision-h2-8664yx-s5\/","title":{"rendered":"\u0110\u1ea7u ghi h\u00ecnh IP 64 k\u00eanh cao c\u1ea5p HIKVISION H2-8664YX-S5"},"content":{"rendered":"<h2>Th\u00f4ng tin s\u1ea3n ph\u1ea9m \u0111\u1ea7u ghi h\u00ecnh IP 64 k\u00eanh cao c\u1ea5p HIKVISION H2-8664YX-S5<\/h2>\n<p>\u2013 H\u1ed7 tr\u1ee3 ch\u1ebf \u0111\u1ed9 d\u1ef1 ph\u00f2ng N+M<br \/>\n\u2013 Chu\u1ea9n n\u00e9n H.265, H265+, H.264, H264+.<br \/>\n\u2013 \u0110\u00f4\u0323 ph\u00e2n gia\u0309i ghi r\u00e2\u0301t cao l\u00ean t\u1edbi 32 MP.<br \/>\n\u2013 B\u0103ng th\u00f4ng \u0111\u1ea7u v\u00e0o t\u1ed1i \u0111a: 400Mbps<br \/>\n\u2013 B\u0103ng th\u00f4ng \u0111\u1ea7u ra t\u1ed1i \u0111a: 400Mbps<br \/>\n\u2013 H\u1ed7 tr\u1ee3 2 c\u1ed5ng HDMI, 2 c\u1ed5ng VGA, \u0110\u1ed9 ph\u00e2n gi\u1ea3i HDMI1 xu\u1ea5t ra t\u1ed1i \u0111a 8K, HDMI2: 4K, VGA1\/VGA2: 1920x1080p (Khi c\u1ed5ng HDMI1 c\u00f3 \u0111\u1ed9 ph\u00e2n gi\u1ea3i l\u00e0 8K th\u00ec \u0111\u1ed9 ph\u00e2n gi\u1ea3i t\u1ed1i \u0111a c\u1ee7a c\u1ed5ng HDMI2 l\u00e0 1920\u00d71080)<br \/>\n\u2013 H\u1ed7 tr\u1ee3 1 c\u1ed5ng Audio v\u00e0o, 2 c\u1ed5ng Audio ra.<br \/>\n\u2013 H\u1ed7 tr\u1ee3 2 c\u1ed5ng USB 2.0, 2 c\u1ed5ng USB 3.0.<br \/>\n\u2013 H\u1ed7 tr\u1ee3 16 c\u1ed5ng b\u00e1o \u0111\u1ed9ng v\u00e0o v\u00e0 9 c\u1ed5ng b\u00e1o \u0111\u1ed9ng ra.<br \/>\n\u2013 H\u1ed7 tr\u1ee3 RS-485, RS232<br \/>\n\u2013 H\u1ed7 tr\u1ee3 1 c\u1ed5ng Ctrl 12V (c\u1ea5p ngu\u1ed3n 12VDC-1A ng\u00f5 ra cho c\u00e1c thi\u1ebft b\u1ecb b\u00e1o \u0111\u1ed9ng m\u1edf r\u00f4ng), 1 c\u1ed5ng DC12V (12V-1A)<br \/>\n\u2013 H\u1ed7 tr\u1ee3 2 c\u1ed5ng m\u1ea1ng RJ45 10\/100\/1000Mbps cho ph\u00e9p l\u1ef1a ch\u1ecdn 2 t\u00ednh n\u0103ng : \u0110a \u0111\u1ecba ch\u1ec9 ho\u1eb7c c\u1ed5ng m\u1ea1ng d\u1ef1 ph\u00f2ng.<br \/>\n\u2013 H\u1ed7 tr\u1ee3 8 \u1ed5 HDD dung l\u01b0\u1ee3ng t\u1ed1i \u0111a m\u1ed7i \u1ed5 14TB. Cho ph\u00e9p th\u00e1o l\u1eafp \u1ed5 c\u1ee9ng khi \u0111\u1ea7u ghi \u0111ang ch\u1ea1y , ko c\u1ea7n ng\u1eaft ngu\u1ed3n.<br \/>\n\u2013 H\u1ed7 tr\u1ee3 RAID 0,1,5,6, 10.<br \/>\n\u2013 H\u1ed7 tr\u1ee3 1 c\u1ed5ng eSATA s\u1eed d\u1ee5ng cho ghi h\u00ecnh ho\u1eb7c xu\u1ea5t d\u1eef li\u1ec7u.<br \/>\n\u2013 H\u1ed7 tr\u1ee3 d\u1ecbch v\u1ee5 Hik-connect P2P, t\u00ean mi\u1ec1n Cameraddns mi\u1ec5n ph\u00ed tr\u1ecdn \u0111\u1eddi<br \/>\n-H\u1ed7 tr\u1ee3 t\u00ednh n\u0103ng ANR ( Sau khi b\u1ecb m\u1ea5t k\u1ebft n\u1ed1i vs camera v\u00e0 \u0111\u01b0\u1ee3c k\u1ebft n\u1ed1i l\u1ea1i, \u0111\u1ea7u ghi s\u1ebd l\u1ea5y l\u1ea1i \u0111o\u1ea1n d\u1eef li\u1ec7u khi b\u1ecb m\u1ea5t k\u1ebft n\u1ed1i t\u1eeb th\u1ebb nh\u1edb camera \u0111\u1ec3 ghi l\u00ean \u1ed5 c\u1ee9ng.)<br \/>\n\u2013 Ngu\u1ed3n \u0111i\u1ec7n 100~240VAC.<br \/>\n\u2013 K\u00edch th\u01b0\u1edbc: 445 \u00d7 465 \u00d7 92 mm<br \/>\n\u2013 Tr\u1ecdng l\u01b0\u1ee3ng: &lt;10kg &#8211; Xu\u1ea5t x\u1ee9: Trung Qu\u1ed1c.<\/p>\n<p>&#8211; B\u1ea3o h\u00e0nh: 24 th\u00e1ng<\/p>\n<p>Li\u00ean h\u1ec7: 096.118.0109.<\/p>\n","protected":false},"excerpt":{"rendered":"<ul>\n<li>\u2013 H\u1ed7 tr\u1ee3 ch\u1ebf \u0111\u1ed9 d\u1ef1 ph\u00f2ng N+M<br \/>\n\u2013 Chu\u1ea9n n\u00e9n H.265, H265+, H.264, H264+.<br \/>\n\u2013 \u0110\u00f4\u0323 ph\u00e2n gia\u0309i ghi r\u00e2\u0301t cao l\u00ean t\u1edbi 32 MP.<br \/>\n\u2013 B\u0103ng th\u00f4ng \u0111\u1ea7u v\u00e0o t\u1ed1i \u0111a: 320Mbps<br \/>\n\u2013 B\u0103ng th\u00f4ng \u0111\u1ea7u ra t\u1ed1i \u0111a 400Mbps<br \/>\n\u2013 H\u1ed7 tr\u1ee3 8 \u1ed5 HDD dung l\u01b0\u1ee3ng t\u1ed1i \u0111a m\u1ed7i \u1ed5 14TB.<br \/>\n\u2013 H\u1ed7 tr\u1ee3 RAID 0,1,5,6, 10.<br \/>\n\u2013 H\u1ed7 tr\u1ee3 1 c\u1ed5ng eSATA s\u1eed d\u1ee5ng cho ghi h\u00ecnh ho\u1eb7c xu\u1ea5t d\u1eef li\u1ec7u.<\/li>\n<\/ul>\n","protected":false},"featured_media":1708,"comment_status":"open","ping_status":"closed","template":"","meta":{"om_disable_all_campaigns":false,"_mi_skip_tracking":false,"_monsterinsights_sitenote_active":false,"_monsterinsights_sitenote_note":"","_monsterinsights_sitenote_category":0,"_kad_post_transparent":"default","_kad_post_title":"","_kad_post_layout":"default","_kad_post_sidebar_id":"","_kad_post_content_style":"default","_kad_post_vertical_padding":"default","_kad_post_feature":"","_kad_post_feature_position":"","_kad_post_header":false,"_kad_post_footer":false},"_links":{"self":[{"href":"https:\/\/baoanjsc.vn\/index.php\/wp-json\/wp\/v2\/product\/1707"}],"collection":[{"href":"https:\/\/baoanjsc.vn\/index.php\/wp-json\/wp\/v2\/product"}],"about":[{"href":"https:\/\/baoanjsc.vn\/index.php\/wp-json\/wp\/v2\/types\/product"}],"replies":[{"embeddable":true,"href":"https:\/\/baoanjsc.vn\/index.php\/wp-json\/wp\/v2\/comments?post=1707"}],"wp:featuredmedia":[{"embeddable":true,"href":"https:\/\/baoanjsc.vn\/index.php\/wp-json\/wp\/v2\/media\/1708"}],"wp:attachment":[{"href":"https:\/\/baoanjsc.vn\/index.php\/wp-json\/wp\/v2\/media?parent=1707"}],"curies":[{"name":"wp","href":"https:\/\/api.w.org\/{rel}","templated":true}]}}