{"id":1683,"date":"2024-12-05T19:04:13","date_gmt":"2024-12-05T19:04:13","guid":{"rendered":"https:\/\/baoanjsc.vn\/?post_type=product&#038;p=1683"},"modified":"2024-12-05T19:08:51","modified_gmt":"2024-12-05T19:08:51","slug":"evernet-felice-f","status":"publish","type":"product","link":"https:\/\/baoanjsc.vn\/index.php\/product\/evernet-felice-f\/","title":{"rendered":"EVERNET FELICE-F"},"content":{"rendered":"<p><strong>Kh\u00f3a v\u00e2n tay Evernet Felice-F<\/strong> l\u00e0 m\u1ed9t gi\u1ea3i ph\u00e1p b\u1ea3o m\u1eadt hi\u1ec7n \u0111\u1ea1i, \u0111\u01b0\u1ee3c thi\u1ebft k\u1ebf v\u1edbi <strong>h\u1ee3p kim cao c\u1ea5p<\/strong> v\u00e0 m\u00e0u s\u1eafc <strong>\u0111en sang tr\u1ecdng<\/strong>, ph\u00f9 h\u1ee3p cho nhi\u1ec1u kh\u00f4ng gian t\u1eeb <strong>c\u1eeda ch\u00ednh<\/strong>, <strong>c\u1eeda ph\u00f2ng<\/strong>, \u0111\u1ebfn <strong>c\u0103n h\u1ed9<\/strong> v\u00e0 <strong>v\u0103n ph\u00f2ng<\/strong>. S\u1ea3n ph\u1ea9m \u0111\u01b0\u1ee3c <strong>Evernet<\/strong> s\u1ea3n xu\u1ea5t t\u1ea1i <strong>H\u00e0n Qu\u1ed1c<\/strong>, ph\u00e2n ph\u1ed1i ch\u00ednh th\u1ee9c t\u1ea1i Vi\u1ec7t Nam b\u1edfi <strong>C\u00d4NG TY C\u1ed4 PH\u1ea6N TH\u01af\u01a0NG M\u1ea0I V\u00c0 D\u1ecaCH V\u1ee4 B\u1ea2O AN<\/strong>.<img decoding=\"async\" loading=\"lazy\" class=\"aligncenter size-full wp-image-1681\" src=\"https:\/\/baoanjsc.vn\/wp-content\/uploads\/2024\/12\/BAO-AN-LOCK_\ubca0\ud2b8\ub0a8_page-0001-scaled.jpg\" alt=\"\" width=\"1920\" height=\"2560\" srcset=\"https:\/\/baoanjsc.vn\/wp-content\/uploads\/2024\/12\/BAO-AN-LOCK_\ubca0\ud2b8\ub0a8_page-0001-scaled.jpg 1920w, https:\/\/baoanjsc.vn\/wp-content\/uploads\/2024\/12\/BAO-AN-LOCK_\ubca0\ud2b8\ub0a8_page-0001-225x300.jpg 225w, https:\/\/baoanjsc.vn\/wp-content\/uploads\/2024\/12\/BAO-AN-LOCK_\ubca0\ud2b8\ub0a8_page-0001-768x1024.jpg 768w, https:\/\/baoanjsc.vn\/wp-content\/uploads\/2024\/12\/BAO-AN-LOCK_\ubca0\ud2b8\ub0a8_page-0001-1152x1536.jpg 1152w, https:\/\/baoanjsc.vn\/wp-content\/uploads\/2024\/12\/BAO-AN-LOCK_\ubca0\ud2b8\ub0a8_page-0001-1536x2048.jpg 1536w, https:\/\/baoanjsc.vn\/wp-content\/uploads\/2024\/12\/BAO-AN-LOCK_\ubca0\ud2b8\ub0a8_page-0001-600x800.jpg 600w\" sizes=\"(max-width: 1920px) 100vw, 1920px\" \/><\/p>\n<p>V\u1edbi <strong>4 ch\u1ee9c n\u0103ng trong 1<\/strong>: <strong>v\u00e2n tay<\/strong>, <strong>th\u1ebb t\u1eeb<\/strong>, <strong>m\u00e3 s\u1ed1<\/strong>, v\u00e0 <strong>ch\u00eca kh\u00f3a<\/strong>, <strong>Evernet Felice-F<\/strong> mang \u0111\u1ebfn s\u1ef1 linh ho\u1ea1t v\u00e0 b\u1ea3o m\u1eadt cao. Kh\u00f3a c\u00f3 th\u1ec3 l\u01b0u tr\u1eef <strong>100 v\u00e2n tay<\/strong>, <strong>50 th\u1ebb t\u1eeb<\/strong>, v\u00e0 <strong>3 m\u00e3 s\u1ed1<\/strong>, d\u1ec5 d\u00e0ng qu\u1ea3n l\u00fd quy\u1ec1n truy c\u1eadp. C\u00e1c ch\u1ebf \u0111\u1ed9 c\u00e0i \u0111\u1eb7t an to\u00e0n c\u00f3 th\u1ec3 \u0111\u01b0\u1ee3c \u0111i\u1ec1u ch\u1ec9nh qua <strong>master control password<\/strong> ho\u1eb7c <strong>ch\u1ebf \u0111\u1ed9 th\u01b0\u1eddng<\/strong>, \u0111\u1ea3m b\u1ea3o t\u00ednh b\u1ea3o m\u1eadt t\u1ed1i \u01b0u.<\/p>\n<p>Kh\u00f3a c\u00f2n h\u1ed7 tr\u1ee3 <strong>ch\u1ebf \u0111\u1ed9 \u0111\u00f3ng c\u1eeda t\u1ef1 \u0111\u1ed9ng<\/strong> ho\u1eb7c c\u00f3 th\u1ec3 l\u1ef1a ch\u1ecdn ch\u1ebf \u0111\u1ed9 kh\u00f4ng t\u1ef1 \u0111\u1ed9ng, v\u1edbi t\u00ednh n\u0103ng <strong>k\u00e9o &#8211; \u0111\u1ea9y (Push Pull Handle)<\/strong> ti\u1ec7n l\u1ee3i. <strong>Evernet Felice-F<\/strong> c\u0169ng c\u00f3 t\u00ednh n\u0103ng <strong>t\u0103ng gi\u1ea3m \u00e2m thanh<\/strong>, d\u1ec5 d\u00e0ng \u0111i\u1ec1u ch\u1ec9nh theo nhu c\u1ea7u s\u1eed d\u1ee5ng. S\u1ea3n ph\u1ea9m \u0111\u01b0\u1ee3c trang b\u1ecb <strong>ngu\u1ed3n \u0111i\u1ec7n kh\u1ea9n c\u1ea5p 9V<\/strong> v\u00e0 s\u1eed d\u1ee5ng <strong>pin 8xAA Alkaline<\/strong>, cho ph\u00e9p s\u1eed d\u1ee5ng li\u00ean t\u1ee5c l\u00ean \u0111\u1ebfn <strong>8 th\u00e1ng<\/strong>.<\/p>\n<p>Ph\u00f9 h\u1ee3p v\u1edbi <strong>c\u1eeda g\u1ed7<\/strong>, <strong>c\u1eeda s\u1eaft<\/strong>, v\u00e0 <strong>c\u1eeda c\u00f4ng nghi\u1ec7p<\/strong>, <strong>Evernet Felice-F<\/strong> l\u00e0 s\u1ef1 l\u1ef1a ch\u1ecdn l\u00fd t\u01b0\u1edfng cho c\u00e1c kh\u00f4ng gian c\u1ea7n b\u1ea3o m\u1eadt cao, \u0111\u1ed3ng th\u1eddi mang l\u1ea1i s\u1ef1 ti\u1ec7n nghi v\u00e0 hi\u1ec7n \u0111\u1ea1i cho ng\u01b0\u1eddi s\u1eed d\u1ee5ng.<\/p>\n<p><img decoding=\"async\" loading=\"lazy\" class=\"aligncenter size-full wp-image-1684\" src=\"https:\/\/baoanjsc.vn\/wp-content\/uploads\/2024\/12\/FELICE-F-tieng-Viet_page-0001-scaled.jpg\" alt=\"\" width=\"1772\" height=\"2560\" srcset=\"https:\/\/baoanjsc.vn\/wp-content\/uploads\/2024\/12\/FELICE-F-tieng-Viet_page-0001-scaled.jpg 1772w, https:\/\/baoanjsc.vn\/wp-content\/uploads\/2024\/12\/FELICE-F-tieng-Viet_page-0001-208x300.jpg 208w, https:\/\/baoanjsc.vn\/wp-content\/uploads\/2024\/12\/FELICE-F-tieng-Viet_page-0001-709x1024.jpg 709w, https:\/\/baoanjsc.vn\/wp-content\/uploads\/2024\/12\/FELICE-F-tieng-Viet_page-0001-768x1109.jpg 768w, https:\/\/baoanjsc.vn\/wp-content\/uploads\/2024\/12\/FELICE-F-tieng-Viet_page-0001-1063x1536.jpg 1063w, https:\/\/baoanjsc.vn\/wp-content\/uploads\/2024\/12\/FELICE-F-tieng-Viet_page-0001-1418x2048.jpg 1418w, https:\/\/baoanjsc.vn\/wp-content\/uploads\/2024\/12\/FELICE-F-tieng-Viet_page-0001-600x867.jpg 600w\" sizes=\"(max-width: 1772px) 100vw, 1772px\" \/> <img decoding=\"async\" loading=\"lazy\" class=\"aligncenter size-full wp-image-1685\" src=\"https:\/\/baoanjsc.vn\/wp-content\/uploads\/2024\/12\/FELICE-F-tieng-Viet_page-0002-scaled.jpg\" alt=\"\" width=\"1772\" height=\"2560\" srcset=\"https:\/\/baoanjsc.vn\/wp-content\/uploads\/2024\/12\/FELICE-F-tieng-Viet_page-0002-scaled.jpg 1772w, https:\/\/baoanjsc.vn\/wp-content\/uploads\/2024\/12\/FELICE-F-tieng-Viet_page-0002-208x300.jpg 208w, https:\/\/baoanjsc.vn\/wp-content\/uploads\/2024\/12\/FELICE-F-tieng-Viet_page-0002-709x1024.jpg 709w, https:\/\/baoanjsc.vn\/wp-content\/uploads\/2024\/12\/FELICE-F-tieng-Viet_page-0002-768x1109.jpg 768w, https:\/\/baoanjsc.vn\/wp-content\/uploads\/2024\/12\/FELICE-F-tieng-Viet_page-0002-1063x1536.jpg 1063w, https:\/\/baoanjsc.vn\/wp-content\/uploads\/2024\/12\/FELICE-F-tieng-Viet_page-0002-1418x2048.jpg 1418w, https:\/\/baoanjsc.vn\/wp-content\/uploads\/2024\/12\/FELICE-F-tieng-Viet_page-0002-600x867.jpg 600w\" sizes=\"(max-width: 1772px) 100vw, 1772px\" \/> <img decoding=\"async\" loading=\"lazy\" class=\"aligncenter size-full wp-image-1686\" src=\"https:\/\/baoanjsc.vn\/wp-content\/uploads\/2024\/12\/FELICE-F-tieng-Viet_page-0003-scaled.jpg\" alt=\"\" width=\"1772\" height=\"2560\" srcset=\"https:\/\/baoanjsc.vn\/wp-content\/uploads\/2024\/12\/FELICE-F-tieng-Viet_page-0003-scaled.jpg 1772w, https:\/\/baoanjsc.vn\/wp-content\/uploads\/2024\/12\/FELICE-F-tieng-Viet_page-0003-208x300.jpg 208w, https:\/\/baoanjsc.vn\/wp-content\/uploads\/2024\/12\/FELICE-F-tieng-Viet_page-0003-709x1024.jpg 709w, https:\/\/baoanjsc.vn\/wp-content\/uploads\/2024\/12\/FELICE-F-tieng-Viet_page-0003-768x1109.jpg 768w, https:\/\/baoanjsc.vn\/wp-content\/uploads\/2024\/12\/FELICE-F-tieng-Viet_page-0003-1063x1536.jpg 1063w, https:\/\/baoanjsc.vn\/wp-content\/uploads\/2024\/12\/FELICE-F-tieng-Viet_page-0003-1418x2048.jpg 1418w, https:\/\/baoanjsc.vn\/wp-content\/uploads\/2024\/12\/FELICE-F-tieng-Viet_page-0003-600x867.jpg 600w\" sizes=\"(max-width: 1772px) 100vw, 1772px\" \/> <img decoding=\"async\" loading=\"lazy\" class=\"aligncenter size-full wp-image-1687\" src=\"https:\/\/baoanjsc.vn\/wp-content\/uploads\/2024\/12\/FELICE-F-tieng-Viet_page-0004-scaled.jpg\" alt=\"\" width=\"1772\" height=\"2560\" srcset=\"https:\/\/baoanjsc.vn\/wp-content\/uploads\/2024\/12\/FELICE-F-tieng-Viet_page-0004-scaled.jpg 1772w, https:\/\/baoanjsc.vn\/wp-content\/uploads\/2024\/12\/FELICE-F-tieng-Viet_page-0004-208x300.jpg 208w, https:\/\/baoanjsc.vn\/wp-content\/uploads\/2024\/12\/FELICE-F-tieng-Viet_page-0004-709x1024.jpg 709w, https:\/\/baoanjsc.vn\/wp-content\/uploads\/2024\/12\/FELICE-F-tieng-Viet_page-0004-768x1109.jpg 768w, https:\/\/baoanjsc.vn\/wp-content\/uploads\/2024\/12\/FELICE-F-tieng-Viet_page-0004-1063x1536.jpg 1063w, https:\/\/baoanjsc.vn\/wp-content\/uploads\/2024\/12\/FELICE-F-tieng-Viet_page-0004-1418x2048.jpg 1418w, https:\/\/baoanjsc.vn\/wp-content\/uploads\/2024\/12\/FELICE-F-tieng-Viet_page-0004-600x867.jpg 600w\" sizes=\"(max-width: 1772px) 100vw, 1772px\" \/> <img decoding=\"async\" loading=\"lazy\" class=\"aligncenter size-full wp-image-1688\" src=\"https:\/\/baoanjsc.vn\/wp-content\/uploads\/2024\/12\/FELICE-F-tieng-Viet_page-0005-scaled.jpg\" alt=\"\" width=\"1772\" height=\"2560\" srcset=\"https:\/\/baoanjsc.vn\/wp-content\/uploads\/2024\/12\/FELICE-F-tieng-Viet_page-0005-scaled.jpg 1772w, https:\/\/baoanjsc.vn\/wp-content\/uploads\/2024\/12\/FELICE-F-tieng-Viet_page-0005-208x300.jpg 208w, https:\/\/baoanjsc.vn\/wp-content\/uploads\/2024\/12\/FELICE-F-tieng-Viet_page-0005-709x1024.jpg 709w, https:\/\/baoanjsc.vn\/wp-content\/uploads\/2024\/12\/FELICE-F-tieng-Viet_page-0005-768x1109.jpg 768w, https:\/\/baoanjsc.vn\/wp-content\/uploads\/2024\/12\/FELICE-F-tieng-Viet_page-0005-1063x1536.jpg 1063w, https:\/\/baoanjsc.vn\/wp-content\/uploads\/2024\/12\/FELICE-F-tieng-Viet_page-0005-1418x2048.jpg 1418w, https:\/\/baoanjsc.vn\/wp-content\/uploads\/2024\/12\/FELICE-F-tieng-Viet_page-0005-600x867.jpg 600w\" sizes=\"(max-width: 1772px) 100vw, 1772px\" \/> <img decoding=\"async\" loading=\"lazy\" class=\"aligncenter size-full wp-image-1689\" src=\"https:\/\/baoanjsc.vn\/wp-content\/uploads\/2024\/12\/FELICE-F-tieng-Viet_page-0006-scaled.jpg\" alt=\"\" width=\"1772\" height=\"2560\" srcset=\"https:\/\/baoanjsc.vn\/wp-content\/uploads\/2024\/12\/FELICE-F-tieng-Viet_page-0006-scaled.jpg 1772w, https:\/\/baoanjsc.vn\/wp-content\/uploads\/2024\/12\/FELICE-F-tieng-Viet_page-0006-208x300.jpg 208w, https:\/\/baoanjsc.vn\/wp-content\/uploads\/2024\/12\/FELICE-F-tieng-Viet_page-0006-709x1024.jpg 709w, https:\/\/baoanjsc.vn\/wp-content\/uploads\/2024\/12\/FELICE-F-tieng-Viet_page-0006-768x1109.jpg 768w, https:\/\/baoanjsc.vn\/wp-content\/uploads\/2024\/12\/FELICE-F-tieng-Viet_page-0006-1063x1536.jpg 1063w, https:\/\/baoanjsc.vn\/wp-content\/uploads\/2024\/12\/FELICE-F-tieng-Viet_page-0006-1418x2048.jpg 1418w, https:\/\/baoanjsc.vn\/wp-content\/uploads\/2024\/12\/FELICE-F-tieng-Viet_page-0006-600x867.jpg 600w\" sizes=\"(max-width: 1772px) 100vw, 1772px\" \/> <img decoding=\"async\" loading=\"lazy\" class=\"aligncenter size-full wp-image-1690\" src=\"https:\/\/baoanjsc.vn\/wp-content\/uploads\/2024\/12\/FELICE-F-tieng-Viet_page-0007-scaled.jpg\" alt=\"\" width=\"1772\" height=\"2560\" srcset=\"https:\/\/baoanjsc.vn\/wp-content\/uploads\/2024\/12\/FELICE-F-tieng-Viet_page-0007-scaled.jpg 1772w, https:\/\/baoanjsc.vn\/wp-content\/uploads\/2024\/12\/FELICE-F-tieng-Viet_page-0007-208x300.jpg 208w, https:\/\/baoanjsc.vn\/wp-content\/uploads\/2024\/12\/FELICE-F-tieng-Viet_page-0007-709x1024.jpg 709w, https:\/\/baoanjsc.vn\/wp-content\/uploads\/2024\/12\/FELICE-F-tieng-Viet_page-0007-768x1109.jpg 768w, https:\/\/baoanjsc.vn\/wp-content\/uploads\/2024\/12\/FELICE-F-tieng-Viet_page-0007-1063x1536.jpg 1063w, https:\/\/baoanjsc.vn\/wp-content\/uploads\/2024\/12\/FELICE-F-tieng-Viet_page-0007-1418x2048.jpg 1418w, https:\/\/baoanjsc.vn\/wp-content\/uploads\/2024\/12\/FELICE-F-tieng-Viet_page-0007-600x867.jpg 600w\" sizes=\"(max-width: 1772px) 100vw, 1772px\" \/> <img decoding=\"async\" loading=\"lazy\" class=\"aligncenter size-full wp-image-1691\" src=\"https:\/\/baoanjsc.vn\/wp-content\/uploads\/2024\/12\/FELICE-F-tieng-Viet_page-0008-scaled.jpg\" alt=\"\" width=\"1772\" height=\"2560\" srcset=\"https:\/\/baoanjsc.vn\/wp-content\/uploads\/2024\/12\/FELICE-F-tieng-Viet_page-0008-scaled.jpg 1772w, https:\/\/baoanjsc.vn\/wp-content\/uploads\/2024\/12\/FELICE-F-tieng-Viet_page-0008-208x300.jpg 208w, https:\/\/baoanjsc.vn\/wp-content\/uploads\/2024\/12\/FELICE-F-tieng-Viet_page-0008-709x1024.jpg 709w, https:\/\/baoanjsc.vn\/wp-content\/uploads\/2024\/12\/FELICE-F-tieng-Viet_page-0008-768x1109.jpg 768w, https:\/\/baoanjsc.vn\/wp-content\/uploads\/2024\/12\/FELICE-F-tieng-Viet_page-0008-1063x1536.jpg 1063w, https:\/\/baoanjsc.vn\/wp-content\/uploads\/2024\/12\/FELICE-F-tieng-Viet_page-0008-1418x2048.jpg 1418w, https:\/\/baoanjsc.vn\/wp-content\/uploads\/2024\/12\/FELICE-F-tieng-Viet_page-0008-600x867.jpg 600w\" sizes=\"(max-width: 1772px) 100vw, 1772px\" \/> <img decoding=\"async\" loading=\"lazy\" class=\"aligncenter size-full wp-image-1692\" src=\"https:\/\/baoanjsc.vn\/wp-content\/uploads\/2024\/12\/FELICE-F-tieng-Viet_page-0009-scaled.jpg\" alt=\"\" width=\"1772\" height=\"2560\" srcset=\"https:\/\/baoanjsc.vn\/wp-content\/uploads\/2024\/12\/FELICE-F-tieng-Viet_page-0009-scaled.jpg 1772w, https:\/\/baoanjsc.vn\/wp-content\/uploads\/2024\/12\/FELICE-F-tieng-Viet_page-0009-208x300.jpg 208w, https:\/\/baoanjsc.vn\/wp-content\/uploads\/2024\/12\/FELICE-F-tieng-Viet_page-0009-709x1024.jpg 709w, https:\/\/baoanjsc.vn\/wp-content\/uploads\/2024\/12\/FELICE-F-tieng-Viet_page-0009-768x1109.jpg 768w, https:\/\/baoanjsc.vn\/wp-content\/uploads\/2024\/12\/FELICE-F-tieng-Viet_page-0009-1063x1536.jpg 1063w, https:\/\/baoanjsc.vn\/wp-content\/uploads\/2024\/12\/FELICE-F-tieng-Viet_page-0009-1418x2048.jpg 1418w, https:\/\/baoanjsc.vn\/wp-content\/uploads\/2024\/12\/FELICE-F-tieng-Viet_page-0009-600x867.jpg 600w\" sizes=\"(max-width: 1772px) 100vw, 1772px\" \/> <img decoding=\"async\" loading=\"lazy\" class=\"aligncenter size-full wp-image-1693\" src=\"https:\/\/baoanjsc.vn\/wp-content\/uploads\/2024\/12\/FELICE-F-tieng-Viet_page-0010-scaled.jpg\" alt=\"\" width=\"1772\" height=\"2560\" srcset=\"https:\/\/baoanjsc.vn\/wp-content\/uploads\/2024\/12\/FELICE-F-tieng-Viet_page-0010-scaled.jpg 1772w, https:\/\/baoanjsc.vn\/wp-content\/uploads\/2024\/12\/FELICE-F-tieng-Viet_page-0010-208x300.jpg 208w, https:\/\/baoanjsc.vn\/wp-content\/uploads\/2024\/12\/FELICE-F-tieng-Viet_page-0010-709x1024.jpg 709w, https:\/\/baoanjsc.vn\/wp-content\/uploads\/2024\/12\/FELICE-F-tieng-Viet_page-0010-768x1109.jpg 768w, https:\/\/baoanjsc.vn\/wp-content\/uploads\/2024\/12\/FELICE-F-tieng-Viet_page-0010-1063x1536.jpg 1063w, https:\/\/baoanjsc.vn\/wp-content\/uploads\/2024\/12\/FELICE-F-tieng-Viet_page-0010-1418x2048.jpg 1418w, https:\/\/baoanjsc.vn\/wp-content\/uploads\/2024\/12\/FELICE-F-tieng-Viet_page-0010-600x867.jpg 600w\" sizes=\"(max-width: 1772px) 100vw, 1772px\" \/><\/p>\n","protected":false},"excerpt":{"rendered":"<ul>\n<li><strong>Th\u01b0\u01a1ng hi\u1ec7u<\/strong>: Evernet<\/li>\n<li><strong>M\u00e3 s\u1ea3n ph\u1ea9m<\/strong>: Evernet &#8211; FELICE &#8211; F<\/li>\n<li><strong>Xu\u1ea5t x\u1ee9<\/strong>: H\u00e0n Qu\u1ed1c<\/li>\n<li><strong>M\u00e0u s\u1eafc<\/strong>: \u0110en, N\u00e2u<\/li>\n<\/ul>\n<h4><strong>Ch\u1ee9c n\u0103ng s\u1ea3n ph\u1ea9m<\/strong>:<\/h4>\n<ul>\n<li><strong>Ch\u1ee9c n\u0103ng 4 trong 1<\/strong>: V\u00e2n tay, th\u1ebb t\u1eeb, m\u00e3 s\u1ed1, v\u00e0 ch\u00eca kh\u00f3a.<\/li>\n<\/ul>\n<h4><strong>B\u1ed9 nh\u1edb<\/strong>:<\/h4>\n<ul>\n<li><strong>100 v\u00e2n tay<\/strong><\/li>\n<li><strong>50 th\u1ebb t\u1eeb<\/strong><\/li>\n<li><strong>3 m\u00e3 s\u1ed1<\/strong><\/li>\n<\/ul>\n<h4><strong>C\u00e0i \u0111\u1eb7t an to\u00e0n<\/strong>:<\/h4>\n<ul>\n<li><strong>2 ch\u1ebf \u0111\u1ed9 c\u00e0i \u0111\u1eb7t<\/strong>: Master control password ho\u1eb7c ch\u1ebf \u0111\u1ed9 th\u01b0\u1eddng.<\/li>\n<\/ul>\n<h4><strong>T\u00ednh n\u0103ng n\u1ed5i b\u1eadt<\/strong>:<\/h4>\n<ul>\n<li><strong>Ch\u1ebf \u0111\u1ed9 \u0111\u00f3ng c\u1eeda t\u1ef1 \u0111\u1ed9ng<\/strong> ho\u1eb7c c\u00f3 th\u1ec3 t\u00f9y ch\u1ecdn kh\u00f4ng t\u1ef1 \u0111\u1ed9ng.<\/li>\n<li><strong>Ch\u1ee9c n\u0103ng m\u1edf\/\u0111\u00f3ng b\u1eb1ng k\u00e9o &#8211; \u0111\u1ea9y (Push Pull Handle)<\/strong>.<\/li>\n<li><strong>T\u00ednh n\u0103ng \u0111i\u1ec1u ch\u1ec9nh \u00e2m thanh<\/strong> (t\u0103ng gi\u1ea3m \u00e2m l\u01b0\u1ee3ng).<\/li>\n<li><strong>Ngu\u1ed3n \u0111i\u1ec7n kh\u1ea9n c\u1ea5p 9V<\/strong> h\u1ed7 tr\u1ee3 trong tr\u01b0\u1eddng h\u1ee3p kh\u1ea9n c\u1ea5p.<\/li>\n<li><strong>Pin<\/strong>: 8xAA Alkaline, s\u1eed d\u1ee5ng \u0111\u01b0\u1ee3c <strong>8 th\u00e1ng<\/strong>.<\/li>\n<\/ul>\n<h4><strong>\u1ee8ng d\u1ee5ng<\/strong>:<\/h4>\n<ul>\n<li>C\u1eeda ch\u00ednh, c\u1eeda ph\u00f2ng, c\u0103n h\u1ed9, v\u0103n ph\u00f2ng&#8230;<\/li>\n<\/ul>\n<h4><strong>Ph\u00f9 h\u1ee3p v\u1edbi<\/strong>:<\/h4>\n<ul>\n<li>C\u1eeda g\u1ed7, c\u1eeda s\u1eaft, c\u1eeda c\u00f4ng nghi\u1ec7p&#8230;<\/li>\n<\/ul>\n","protected":false},"featured_media":1684,"comment_status":"open","ping_status":"closed","template":"","meta":{"om_disable_all_campaigns":false,"_mi_skip_tracking":false,"_monsterinsights_sitenote_active":false,"_monsterinsights_sitenote_note":"","_monsterinsights_sitenote_category":0,"_kad_post_transparent":"default","_kad_post_title":"","_kad_post_layout":"default","_kad_post_sidebar_id":"","_kad_post_content_style":"default","_kad_post_vertical_padding":"default","_kad_post_feature":"","_kad_post_feature_position":"","_kad_post_header":false,"_kad_post_footer":false},"_links":{"self":[{"href":"https:\/\/baoanjsc.vn\/index.php\/wp-json\/wp\/v2\/product\/1683"}],"collection":[{"href":"https:\/\/baoanjsc.vn\/index.php\/wp-json\/wp\/v2\/product"}],"about":[{"href":"https:\/\/baoanjsc.vn\/index.php\/wp-json\/wp\/v2\/types\/product"}],"replies":[{"embeddable":true,"href":"https:\/\/baoanjsc.vn\/index.php\/wp-json\/wp\/v2\/comments?post=1683"}],"wp:featuredmedia":[{"embeddable":true,"href":"https:\/\/baoanjsc.vn\/index.php\/wp-json\/wp\/v2\/media\/1684"}],"wp:attachment":[{"href":"https:\/\/baoanjsc.vn\/index.php\/wp-json\/wp\/v2\/media?parent=1683"}],"curies":[{"name":"wp","href":"https:\/\/api.w.org\/{rel}","templated":true}]}}