{"id":1597,"date":"2023-06-18T19:29:32","date_gmt":"2023-06-18T19:29:32","guid":{"rendered":"https:\/\/baoanjsc.vn\/?post_type=product&#038;p=1597"},"modified":"2023-06-18T19:31:11","modified_gmt":"2023-06-18T19:31:11","slug":"emergency-warning-mini-bar-tbd705044","status":"publish","type":"product","link":"https:\/\/baoanjsc.vn\/index.php\/product\/emergency-warning-mini-bar-tbd705044\/","title":{"rendered":"Emergency Warning MINI BAR TBD705044"},"content":{"rendered":"<p>TBD705044 l\u00e0 m\u1ed9t minibar \u0111\u01b0\u1ee3c ch\u1ee9ng nh\u1eadn theo ti\u00eau chu\u1ea9n SAE v\u00e0 ECE R65, mang \u0111\u1ebfn m\u1ed9t thi\u1ebft k\u1ebf si\u00eau m\u1ecfng ch\u1ec9 c\u00f3 \u0111\u1ed9 d\u00e0y 33mm. V\u1edbi thi\u1ebft k\u1ebf nh\u1ecf g\u1ecdn v\u00e0 m\u1ecfng nh\u1eb9, TBD705044 l\u00e0 m\u1ed9t l\u1ef1a ch\u1ecdn l\u00fd t\u01b0\u1edfng cho c\u00e1c \u1ee9ng d\u1ee5ng c\u00f3 kh\u00f4ng gian h\u1ea1n ch\u1ebf ho\u1eb7c \u0111\u00f2i h\u1ecfi m\u1ef9 quan cao.<\/p>\n<p>TBD705044 minibar c\u00f3 thi\u1ebft k\u1ebf thanh l\u1ecbch v\u00e0 th\u1ea5p g\u1ecdn, gi\u00fap n\u00f3 ph\u00f9 h\u1ee3p cho nhi\u1ec1u \u1ee9ng d\u1ee5ng n\u01a1i kh\u00f4ng gian h\u1ea1n ch\u1ebf ho\u1eb7c v\u1ea5n \u0111\u1ec1 th\u1ea9m m\u1ef9 quan tr\u1ecdng. M\u1eb7c d\u00f9 c\u00f3 k\u00edch th\u01b0\u1edbc m\u1ecfng nh\u1eb9, minibar n\u00e0y cung c\u1ea5p c\u00e1c t\u00edn hi\u1ec7u c\u1ea3nh b\u00e1o m\u1ea1nh m\u1ebd v\u00e0 hi\u1ec7u qu\u1ea3 \u0111\u1ec3 n\u00e2ng cao kh\u1ea3 n\u0103ng nh\u00ecn th\u1ea5y v\u00e0 an to\u00e0n tr\u00ean \u0111\u01b0\u1eddng.<\/p>\n<p><iframe loading=\"lazy\" title=\"SENKEN Super Slim Police Vehicle Warning Mini-Lightbar\" src=\"https:\/\/www.youtube.com\/embed\/cB0HwX27aps\" width=\"1060\" height=\"370\" frameborder=\"0\" allowfullscreen=\"allowfullscreen\"><\/iframe><\/p>\n<p>V\u1edbi vi\u1ec7c \u0111\u1ea1t ch\u1ee9ng nh\u1eadn SAE v\u00e0 ECE R65, TBD705044 \u0111\u00e1p \u1ee9ng c\u00e1c quy \u0111\u1ecbnh v\u00e0 y\u00eau c\u1ea7u c\u1ee7a c\u00e1c ti\u00eau chu\u1ea9n n\u00e0y \u0111\u1ed1i v\u1edbi c\u00e1c thanh \u0111\u00e8n c\u1ea3nh b\u00e1o. \u0110i\u1ec1u n\u00e0y \u0111\u1ea3m b\u1ea3o r\u1eb1ng n\u00f3 \u0111\u00e1p \u1ee9ng c\u00e1c ti\u00eau chu\u1ea9n hi\u1ec7u su\u1ea5t v\u00e0 ch\u1ea5t l\u01b0\u1ee3ng c\u1ea7n thi\u1ebft \u0111\u1ec3 cung c\u1ea5p \u00e1nh s\u00e1ng c\u1ea3nh b\u00e1o \u0111\u00e1ng tin c\u1eady v\u00e0 hi\u1ec7u qu\u1ea3.<\/p>\n<p><img decoding=\"async\" loading=\"lazy\" class=\"aligncenter wp-image-1602\" src=\"https:\/\/baoanjsc.vn\/wp-content\/uploads\/2023\/06\/1589854810507565-1024x1024.jpg\" alt=\"\" width=\"600\" height=\"600\" srcset=\"https:\/\/baoanjsc.vn\/wp-content\/uploads\/2023\/06\/1589854810507565-1024x1024.jpg 1024w, https:\/\/baoanjsc.vn\/wp-content\/uploads\/2023\/06\/1589854810507565-300x300.jpg 300w, https:\/\/baoanjsc.vn\/wp-content\/uploads\/2023\/06\/1589854810507565-150x150.jpg 150w, https:\/\/baoanjsc.vn\/wp-content\/uploads\/2023\/06\/1589854810507565-768x768.jpg 768w, https:\/\/baoanjsc.vn\/wp-content\/uploads\/2023\/06\/1589854810507565-600x600.jpg 600w, https:\/\/baoanjsc.vn\/wp-content\/uploads\/2023\/06\/1589854810507565-100x100.jpg 100w, https:\/\/baoanjsc.vn\/wp-content\/uploads\/2023\/06\/1589854810507565.jpg 1500w\" sizes=\"(max-width: 600px) 100vw, 600px\" \/><\/p>\n<p>D\u00f9 l\u00e0 cho c\u00e1c ph\u01b0\u01a1ng ti\u1ec7n c\u1ea3nh s\u00e1t, ph\u01b0\u01a1ng ti\u1ec7n \u1ee9ng c\u1ee9u kh\u1ea9n c\u1ea5p ho\u1eb7c c\u00e1c \u1ee9ng d\u1ee5ng kh\u00e1c y\u00eau c\u1ea7u t\u00edn hi\u1ec7u c\u1ea3nh b\u00e1o hi\u1ec7u qu\u1ea3, minibar TBD705044 cung c\u1ea5p s\u1ef1 k\u1ebft h\u1ee3p gi\u1eefa k\u00edch th\u01b0\u1edbc nh\u1ecf g\u1ecdn, thi\u1ebft k\u1ebf si\u00eau m\u1ecfng v\u00e0 tu\u00e2n th\u1ee7 c\u00e1c ti\u00eau chu\u1ea9n ng\u00e0nh, t\u1ea1o ra m\u1ed9t l\u1ef1a ch\u1ecdn \u0111\u00e1ng tin c\u1eady \u0111\u1ec3 n\u00e2ng cao kh\u1ea3 n\u0103ng nh\u00ecn th\u1ea5y v\u00e0 an to\u00e0n tr\u00ean \u0111\u01b0\u1eddng.<\/p>\n<p><img decoding=\"async\" loading=\"lazy\" class=\"aligncenter size-full wp-image-1603\" src=\"https:\/\/baoanjsc.vn\/wp-content\/uploads\/2023\/06\/1589855840699204.png\" alt=\"\" width=\"1108\" height=\"354\" srcset=\"https:\/\/baoanjsc.vn\/wp-content\/uploads\/2023\/06\/1589855840699204.png 1108w, https:\/\/baoanjsc.vn\/wp-content\/uploads\/2023\/06\/1589855840699204-300x96.png 300w, https:\/\/baoanjsc.vn\/wp-content\/uploads\/2023\/06\/1589855840699204-1024x327.png 1024w, https:\/\/baoanjsc.vn\/wp-content\/uploads\/2023\/06\/1589855840699204-768x245.png 768w, https:\/\/baoanjsc.vn\/wp-content\/uploads\/2023\/06\/1589855840699204-600x192.png 600w\" sizes=\"(max-width: 1108px) 100vw, 1108px\" \/><\/p>\n<p>M\u00f4 h\u00ecnh: TBD705044<br \/>\n\u0110i\u1ec7n \u00e1p: DC12V \/ 24V<br \/>\nM\u1eabu nh\u1ea5p nh\u00e1y: 14<br \/>\n\u0110\u1ed9 k\u00edn n\u01b0\u1edbc: IP67<br \/>\nNhi\u1ec7t \u0111\u1ed9: -40\u00baC-+75\u00baC<br \/>\nC\u00e1ch l\u1eafp \u0111\u1eb7t: Bul\u00f4ng \/ Nam ch\u00e2m<br \/>\nK\u00edch th\u01b0\u1edbc: 4433493mm<\/p>\n","protected":false},"excerpt":{"rendered":"<p>TBD705044 l\u00e0 m\u1ed9t minibar \u0111\u01b0\u1ee3c ch\u1ee9ng nh\u1eadn theo ti\u00eau chu\u1ea9n SAE v\u00e0 ECE R65, mang \u0111\u1ebfn m\u1ed9t thi\u1ebft k\u1ebf si\u00eau m\u1ecfng ch\u1ec9 c\u00f3 \u0111\u1ed9 d\u00e0y 33mm. V\u1edbi thi\u1ebft k\u1ebf nh\u1ecf g\u1ecdn v\u00e0 m\u1ecfng nh\u1eb9, TBD705044 l\u00e0 m\u1ed9t l\u1ef1a ch\u1ecdn l\u00fd t\u01b0\u1edfng cho c\u00e1c \u1ee9ng d\u1ee5ng c\u00f3 kh\u00f4ng gian h\u1ea1n ch\u1ebf ho\u1eb7c \u0111\u00f2i h\u1ecfi m\u1ef9 quan cao.<\/p>\n<p>&nbsp;<\/p>\n","protected":false},"featured_media":1598,"comment_status":"open","ping_status":"closed","template":"","meta":{"om_disable_all_campaigns":false,"_mi_skip_tracking":false,"_monsterinsights_sitenote_active":false,"_monsterinsights_sitenote_note":"","_monsterinsights_sitenote_category":0,"_kad_post_transparent":"default","_kad_post_title":"","_kad_post_layout":"default","_kad_post_sidebar_id":"","_kad_post_content_style":"default","_kad_post_vertical_padding":"default","_kad_post_feature":"","_kad_post_feature_position":"","_kad_post_header":false,"_kad_post_footer":false},"_links":{"self":[{"href":"https:\/\/baoanjsc.vn\/index.php\/wp-json\/wp\/v2\/product\/1597"}],"collection":[{"href":"https:\/\/baoanjsc.vn\/index.php\/wp-json\/wp\/v2\/product"}],"about":[{"href":"https:\/\/baoanjsc.vn\/index.php\/wp-json\/wp\/v2\/types\/product"}],"replies":[{"embeddable":true,"href":"https:\/\/baoanjsc.vn\/index.php\/wp-json\/wp\/v2\/comments?post=1597"}],"wp:featuredmedia":[{"embeddable":true,"href":"https:\/\/baoanjsc.vn\/index.php\/wp-json\/wp\/v2\/media\/1598"}],"wp:attachment":[{"href":"https:\/\/baoanjsc.vn\/index.php\/wp-json\/wp\/v2\/media?parent=1597"}],"curies":[{"name":"wp","href":"https:\/\/api.w.org\/{rel}","templated":true}]}}