{"id":1591,"date":"2023-06-18T19:21:14","date_gmt":"2023-06-18T19:21:14","guid":{"rendered":"https:\/\/baoanjsc.vn\/?post_type=product&#038;p=1591"},"modified":"2024-06-28T20:10:30","modified_gmt":"2024-06-28T20:10:30","slug":"sparkler-warning-lightbar-tbd-a2-series","status":"publish","type":"product","link":"https:\/\/baoanjsc.vn\/index.php\/product\/sparkler-warning-lightbar-tbd-a2-series\/","title":{"rendered":"Sparkler Warning Lightbar TBD-A2 series"},"content":{"rendered":"<p><iframe loading=\"lazy\" title=\"Senken Sparkler Dual Color Warning Lightbar TBD-A2 series\" src=\"https:\/\/www.youtube.com\/embed\/8OKYZLiZCjY\" width=\"640\" height=\"360\" frameborder=\"0\" allowfullscreen=\"allowfullscreen\"><\/iframe><\/p>\n<p>Senken Sparkler Lightbar l\u00e0 m\u1ed9t s\u1ea3n ph\u1ea9m si\u00eau m\u1ecfng h\u00e0ng \u0111\u1ea7u ph\u00e2n kh\u00fac trung cao \u0111\u01b0\u1ee3c thi\u1ebft k\u1ebf v\u00e0 s\u1ea3n xu\u1ea5t ho\u00e0n to\u00e0n \u0111\u1ed9c l\u1eadp b\u1edfi Senken Group Co.,Ltd. Sparkler ho\u00e0n to\u00e0n th\u1ec3 hi\u1ec7n s\u1ef1 h\u00f9ng v\u0129 v\u00e0 trang nghi\u00eam c\u1ee7a xe c\u1ea3nh s\u00e1t v\u1edbi thi\u1ebft k\u1ebf m\u1edbi m\u1ebb mang \u0111\u1eadm n\u00e9t khoa h\u1ecdc v\u00e0 c\u00f4ng ngh\u1ec7.<\/p>\n<p>Th\u00f4ng s\u1ed1 k\u1ef9 thu\u1eadt<\/p>\n<p>\u0110i\u1ec7n \u00e1p: DC12V-DC24V<\/p>\n<p>K\u00edch th\u01b0\u1edbc: 1203412.8 cm<\/p>\n<p>M\u00e0u s\u1eafc: \u0111\u1ecf\/xanh\/ tr\u1eafng<\/p>\n<p>C\u00f4ng su\u1ea5t t\u1ed1i \u0111a: 216W<\/p>\n<p>M\u1eabu nh\u1ea5p nh\u00e1y: 39 m\u1eabu<\/p>\n<p>Ti\u00eau chu\u1ea9n ECE R65<\/p>\n<p>T\u00ednh n\u0103ng<\/p>\n<p>V\u1ecf nh\u1ef1a polycarbonate + ABS \u0111\u01b0\u1ee3c \u00e9p phun<\/p>\n<p>M\u1eb7t k\u00ednh polycarbonate<\/p>\n<p>Ngu\u1ed3n LED si\u00eau s\u00e1ng<\/p>\n<p>Ch\u1ed1ng n\u01b0\u1edbc v\u1edbi thi\u1ebft k\u1ebf \u0111\u1ed9c \u0111\u00e1o: IP67<\/p>\n","protected":false},"excerpt":{"rendered":"<p>Senken Sparkler LED Lightbar l\u00e0 m\u1ed9t s\u1ea3n ph\u1ea9m si\u00eau m\u1ecfng h\u00e0ng \u0111\u1ea7u ph\u00e2n kh\u00fac trung cao m\u00e0 Senken \u0111\u00e3 thi\u1ebft k\u1ebf v\u00e0 s\u1ea3n xu\u1ea5t ho\u00e0n to\u00e0n \u0111\u1ed9c l\u1eadp. N\u00f3 ho\u00e0n to\u00e0n th\u1ec3 hi\u1ec7n s\u1ef1 h\u00f9ng v\u0129 v\u00e0 trang nghi\u00eam c\u1ee7a xe c\u1ea3nh s\u00e1t v\u1edbi thi\u1ebft k\u1ebf m\u1edbi m\u1ebb mang \u0111\u1eadm n\u00e9t khoa h\u1ecdc v\u00e0 c\u00f4ng ngh\u1ec7.<\/p>\n","protected":false},"featured_media":1592,"comment_status":"open","ping_status":"closed","template":"","meta":{"om_disable_all_campaigns":false,"_mi_skip_tracking":false,"_monsterinsights_sitenote_active":false,"_monsterinsights_sitenote_note":"","_monsterinsights_sitenote_category":0,"_kad_post_transparent":"default","_kad_post_title":"","_kad_post_layout":"default","_kad_post_sidebar_id":"","_kad_post_content_style":"default","_kad_post_vertical_padding":"default","_kad_post_feature":"","_kad_post_feature_position":"","_kad_post_header":false,"_kad_post_footer":false},"_links":{"self":[{"href":"https:\/\/baoanjsc.vn\/index.php\/wp-json\/wp\/v2\/product\/1591"}],"collection":[{"href":"https:\/\/baoanjsc.vn\/index.php\/wp-json\/wp\/v2\/product"}],"about":[{"href":"https:\/\/baoanjsc.vn\/index.php\/wp-json\/wp\/v2\/types\/product"}],"replies":[{"embeddable":true,"href":"https:\/\/baoanjsc.vn\/index.php\/wp-json\/wp\/v2\/comments?post=1591"}],"wp:featuredmedia":[{"embeddable":true,"href":"https:\/\/baoanjsc.vn\/index.php\/wp-json\/wp\/v2\/media\/1592"}],"wp:attachment":[{"href":"https:\/\/baoanjsc.vn\/index.php\/wp-json\/wp\/v2\/media?parent=1591"}],"curies":[{"name":"wp","href":"https:\/\/api.w.org\/{rel}","templated":true}]}}