{"id":1582,"date":"2023-06-18T19:15:28","date_gmt":"2023-06-18T19:15:28","guid":{"rendered":"https:\/\/baoanjsc.vn\/?post_type=product&#038;p=1582"},"modified":"2024-06-29T00:15:40","modified_gmt":"2024-06-29T00:15:40","slug":"full-size-lightbar-tbd-a3","status":"publish","type":"product","link":"https:\/\/baoanjsc.vn\/index.php\/product\/full-size-lightbar-tbd-a3\/","title":{"rendered":"Full Size Lightbar TBD-A3"},"content":{"rendered":"<p>Full Size Lightbar TBD-A3 l\u00e0 m\u1ed9t thanh \u0111\u00e8n c\u1ea3nh b\u00e1o LED si\u00eau m\u1ecfng v\u00e0 nh\u1ecf g\u1ecdn m\u1edbi \u0111\u01b0\u1ee3c ph\u00e1t tri\u1ec3n \u0111\u1eb7c bi\u1ec7t cho th\u1ecb tr\u01b0\u1eddng c\u1ea3nh b\u00e1o kh\u1ea9n c\u1ea5p to\u00e0n c\u1ea7u. Thi\u1ebft k\u1ebf th\u00e2n nh\u1eb9 c\u1ee7a n\u00f3 ho\u00e0n to\u00e0n th\u1ec3 hi\u1ec7n t\u00ednh h\u1ee3p th\u1ee7y v\u00e0 gi\u1ea3m \u0111\u00e1ng k\u1ec3 l\u1ef1c c\u1ea3n gi\u00f3 v\u00e0 ti\u1ebfng \u1ed3n do gi\u00f3. \u0110\u00e8n c\u1ea3nh b\u00e1o n\u00e0y c\u00f3 th\u1ec3 \u0111\u01b0\u1ee3c \u00e1p d\u1ee5ng r\u1ed9ng r\u00e3i cho c\u00e1c ph\u01b0\u01a1ng ti\u1ec7n off-road ho\u1eb7c kh\u1ea9n c\u1ea5p kh\u00e1c.<\/p>\n<p>Chi\u1ec1u d\u00e0i c\u1ee7a Full Size Lightbar TBD-A3 c\u00f3 th\u1ec3 t\u00f9y ch\u1ecdn v\u1edbi c\u00e1c k\u00edch th\u01b0\u1edbc 450mm, 605mm, 756mm, 904mm, 1052mm, 1200mm, 1348mm, 1496mm, 1644mm, 1792mm.<\/p>\n<p><img decoding=\"async\" loading=\"lazy\" class=\"alignnone\" src=\"https:\/\/www.senkencorp.com\/Content\/uploads\/2021179620\/20210608111421230414bb5fb24cff81eb624ec0d52631.jpg\" alt=\"TBD-A3 Lightbar\" width=\"1920\" height=\"1500\" \/><\/p>\n<table style=\"height: 378px;\" width=\"840\">\n<tbody>\n<tr>\n<td width=\"208\">\u0110i\u1ec7n \u00e1p l\u00e0m vi\u1ec7c<\/td>\n<td width=\"64\">\u00a0DC10-30V<\/td>\n<\/tr>\n<tr>\n<td>C\u00f4ng su\u1ea5t t\u1ed1i \u0111a<\/td>\n<td>\u00a0160W<\/td>\n<\/tr>\n<tr>\n<td>Ngu\u1ed3n s\u00e1ng<\/td>\n<td>\u00a0\u0110\u00e8n LED 3W<\/td>\n<\/tr>\n<tr>\n<td>Tu\u1ed5i th\u1ecd LED<\/td>\n<td>\u00a0100,000 gi\u1edd<\/td>\n<\/tr>\n<tr>\n<td>T\u1ea7n s\u1ed1 nh\u1ea5p nh\u00e1y<\/td>\n<td>\u00a02-4Hz<\/td>\n<\/tr>\n<tr>\n<td>Ch\u1ed1ng n\u01b0\u1edbc<\/td>\n<td>\u00a0IP65<\/td>\n<\/tr>\n<tr>\n<td>M\u1eabu nh\u1ea5p nh\u00e1y<\/td>\n<td>\u00a035 m\u1eabu v\u00e0 c\u00f3 th\u1ec3 t\u00f9y ch\u1ec9nh<\/td>\n<\/tr>\n<tr>\n<td>T\u00f9y ch\u1ecdn m\u00e0u s\u1eafc<\/td>\n<td>\u00a0V\u00e0ng cam, \u0111\u1ecf, xanh, tr\u1eafng<\/td>\n<\/tr>\n<tr>\n<td>Nhi\u1ec7t \u0111\u1ed9 l\u00e0m vi\u1ec7c<\/td>\n<td>\u00a0-30 &#8211; +60 \u2103<\/td>\n<\/tr>\n<tr>\n<td>K\u00edch th\u01b0\u1edbc<\/td>\n<td>\u00a0120(L)X28(W)X9.8(H)cm, 48LX11WX3.8H<\/td>\n<\/tr>\n<tr>\n<td>L\u1eafp \u0111\u1eb7t<\/td>\n<td>\u00a0L\u1eafp v\u00e0o r\u00e3nh<\/td>\n<\/tr>\n<tr>\n<td>Ti\u00eau chu\u1ea9n<\/td>\n<td>\u00a0ECE R65 v\u00e0 SAEJ845<\/td>\n<\/tr>\n<\/tbody>\n<\/table>\n<p>&nbsp;<\/p>\n<p>M\u1eb7t k\u00ednh polycarbonate trong su\u1ed1t cao c\u1ea5p ch\u1ed1ng tia c\u1ef1c t\u00edm;<br \/>\nC\u1ea5u h\u00ecnh t\u00edch h\u1ee3p m\u00f4-\u0111un t\u1ed1i \u0111a h\u00f3a t\u00ednh ch\u1ed1ng th\u1ea5m n\u01b0\u1edbc, ch\u1ed1ng rung v\u00e0 \u1ed5n \u0111\u1ecbnh c\u1ee7a thanh \u0111\u00e8n;<br \/>\nThi\u1ebft k\u1ebf si\u00eau m\u1ecfng \u0111\u1eb7c bi\u1ec7t m\u00e0 kh\u00f4ng g\u00e2y m\u00e9o m\u00f3;<br \/>\nV\u1ecf nh\u00f4m khu v\u1ef1c si\u00eau l\u1edbn t\u0103ng c\u01b0\u1eddng kh\u1ea3 n\u0103ng t\u1ea3n nhi\u1ec7t c\u1ee7a m\u00f4-\u0111un LED;<br \/>\nC\u00f3 th\u1ec3 t\u00f9y ch\u1ec9nh \u0111\u1ed9 d\u00e0i kh\u00e1c nhau;<br \/>\n\u00c1p d\u1ee5ng r\u1ed9ng r\u00e3i cho c\u00e1c ph\u01b0\u01a1ng ti\u1ec7n off-road ho\u1eb7c kh\u1ea9n c\u1ea5p kh\u00e1c.<\/p>\n<p>Full Size Lightbar TBD-A3 \u0111\u00e3 \u0111\u1ea1t ch\u1ee9ng nh\u1eadn ECE R65 v\u00e0 ti\u00eau chu\u1ea9n SAE.<\/p>\n<p>Xin vui l\u00f2ng li\u00ean h\u1ec7 \u0111\u1ec3 bi\u1ebft th\u00eam th\u00f4ng tin v\u1ec1 thi\u1ebft k\u1ebf m\u1edbi v\u00e0 si\u00eau m\u1ecfng c\u1ee7a SENKEN cho thanh \u0111\u00e8n c\u1ea3nh b\u00e1o Full Size Lightbar TBD-A3.<\/p>\n<p>Tags: Full Size Lightbar TBD-A3, nh\u00e0 s\u1ea3n xu\u1ea5t, nh\u00e0 cung c\u1ea5p, nh\u00e0 m\u00e1y, b\u1ec1n, \u0111\u00e8n, \u0111\u00e8n c\u00f2i \u01b0u ti\u00ean<\/p>\n","protected":false},"excerpt":{"rendered":"<p>Full Size Lightbar TBD-A3 l\u00e0 thanh \u0111\u00e8n c\u1ea3nh b\u00e1o LED m\u1edbi si\u00eau m\u1ecfng v\u00e0 nh\u1ecf g\u1ecdn d\u00e0nh cho th\u1ecb tr\u01b0\u1eddng c\u1ea3nh b\u00e1o kh\u1ea9n c\u1ea5p. Thi\u1ebft k\u1ebf th\u00e2n xe tr\u1ecdng l\u01b0\u1ee3ng nh\u1eb9 th\u1ec3 hi\u1ec7n \u0111\u1ea7y \u0111\u1ee7 t\u00ednh kh\u00ed \u0111\u1ed9ng h\u1ecdc v\u00e0 gi\u1ea3m \u0111\u00e1ng k\u1ec3 s\u1ee9c c\u1ea3n c\u1ee7a gi\u00f3 v\u00e0 ti\u1ebfng \u1ed3n c\u1ee7a gi\u00f3. Thanh \u0111\u00e8n n\u00e0y c\u00f3 th\u1ec3 \u0111\u01b0\u1ee3c \u00e1p d\u1ee5ng r\u1ed9ng r\u00e3i cho c\u00e1c ph\u01b0\u01a1ng ti\u1ec7n \u0111\u1ecba h\u00ecnh ho\u1eb7c c\u00e1c ph\u01b0\u01a1ng ti\u1ec7n kh\u1ea9n c\u1ea5p kh\u00e1c.<\/p>\n","protected":false},"featured_media":1583,"comment_status":"open","ping_status":"closed","template":"","meta":{"om_disable_all_campaigns":false,"_mi_skip_tracking":false,"_monsterinsights_sitenote_active":false,"_monsterinsights_sitenote_note":"","_monsterinsights_sitenote_category":0,"_kad_post_transparent":"default","_kad_post_title":"","_kad_post_layout":"default","_kad_post_sidebar_id":"","_kad_post_content_style":"default","_kad_post_vertical_padding":"default","_kad_post_feature":"","_kad_post_feature_position":"","_kad_post_header":false,"_kad_post_footer":false},"_links":{"self":[{"href":"https:\/\/baoanjsc.vn\/index.php\/wp-json\/wp\/v2\/product\/1582"}],"collection":[{"href":"https:\/\/baoanjsc.vn\/index.php\/wp-json\/wp\/v2\/product"}],"about":[{"href":"https:\/\/baoanjsc.vn\/index.php\/wp-json\/wp\/v2\/types\/product"}],"replies":[{"embeddable":true,"href":"https:\/\/baoanjsc.vn\/index.php\/wp-json\/wp\/v2\/comments?post=1582"}],"wp:featuredmedia":[{"embeddable":true,"href":"https:\/\/baoanjsc.vn\/index.php\/wp-json\/wp\/v2\/media\/1583"}],"wp:attachment":[{"href":"https:\/\/baoanjsc.vn\/index.php\/wp-json\/wp\/v2\/media?parent=1582"}],"curies":[{"name":"wp","href":"https:\/\/api.w.org\/{rel}","templated":true}]}}